{"id":463,"date":"2025-03-11T18:06:47","date_gmt":"2025-03-11T17:06:47","guid":{"rendered":"https:\/\/www.designxtronics.de\/maXpad\/?page_id=463"},"modified":"2025-06-24T11:53:14","modified_gmt":"2025-06-24T09:53:14","slug":"unsere-loesung","status":"publish","type":"page","link":"https:\/\/www.designxtronics.de\/maXpad\/de\/unsere-loesung\/","title":{"rendered":"Unsere L\u00f6sung"},"content":{"rendered":"<div id=\"pl-463\"  class=\"panel-layout\" ><div id=\"pg-463-0\"  class=\"panel-grid panel-has-style panel-has-overlay\" ><div class=\"siteorigin-panels-stretch panel-row-style panel-row-style-for-463-0\" data-stretch-type=\"full\" >\t\t\t\t<div\n\t\t\t\t\tclass=\"panel-background-overlay\"\n\t\t\t\t\t\t\t\t\t\t\tstyle=\"background-image:url(https:\/\/www.designxtronics.de\/maXpad\/wp-content\/uploads\/2024\/03\/platine.png);background-position:center center;background-size:cover;opacity:0.18;\"\n\t\t\t\t\t\t\t\t\t>\n\t\t\t\t\t\t\t\t\t<\/div>\n\t\t\t\t<div id=\"pgc-463-0-0\"  class=\"panel-grid-cell\" ><div id=\"panel-463-0-0-0\" class=\"so-panel widget widget_sow-hero panel-first-child panel-last-child\" data-index=\"0\" ><div class=\"panel-widget-style panel-widget-style-for-463-0-0-0\" ><div\n\t\t\t\n\t\t\tclass=\"so-widget-sow-hero so-widget-sow-hero-default-8dde8249ff6d-463 so-widget-fittext-wrapper\"\n\t\t\t data-fit-text-compressor=\"0.85\"\n\t\t>\t\t\t\t<div class=\"sow-slider-base\" style=\"display: none\" tabindex=\"0\">\n\t\t\t\t\t<ul\n\t\t\t\t\tclass=\"sow-slider-images\"\n\t\t\t\t\tdata-settings=\"{&quot;pagination&quot;:true,&quot;speed&quot;:800,&quot;timeout&quot;:8000,&quot;paused&quot;:true,&quot;pause_on_hover&quot;:false,&quot;swipe&quot;:true,&quot;nav_always_show_desktop&quot;:&quot;&quot;,&quot;nav_always_show_mobile&quot;:&quot;&quot;,&quot;breakpoint&quot;:&quot;780px&quot;,&quot;unmute&quot;:false,&quot;anchor&quot;:null}\"\n\t\t\t\t\t\t\t\t\t\tdata-anchor-id=\"\"\n\t\t\t\t>\t\t<li class=\"sow-slider-image\" style=\"visibility: visible;;background-color: rgba(54,58,67,0)\" >\n\t\t\t\t\t<div class=\"sow-slider-image-container\">\n\t\t\t<div class=\"sow-slider-image-wrapper\">\n\t\t\t\t<h1 style=\"text-align: center\"><span style=\"color: #d1e65b\">PR\u00c4VENTION IST DIE ZUKUNFT DER PFERDEGESUNDHEIT!<\/span><\/h1>\n<p>&nbsp;<\/p>\n<h5 style=\"text-align: center\">Allzu oft sind Verletzungen bei Pferden reaktiv und werden erst bemerkt, wenn Schmerzen sichtbar werden. <span style=\"color: #d1e65b\">maXpad<sup>\u00ae<\/sup><\/span> hilft Dir, dem Problem zuvorzukommen und sorgt bei jedem Ausritt f\u00fcr Komfort, Gleichgewicht und Gesundheit Deines Pferdes.<\/h5>\n<p>&nbsp;<\/p>\n<h4 style=\"text-align: center\"><span style=\"color: #d1e65b\">Drucksensoren<\/span><\/h4>\n<p>&nbsp;<\/p>\n<h5 style=\"text-align: center\">Die elektronische Sattelunterlage misst die Dr\u00fccke zwischen Pferder\u00fccken und Sattel <span style=\"color: #d1e65b\">an den wichtigsten Punkten<\/span> sowie K\u00f6rperbeschleunigungen basierend auf einer auf der Unterlage angebrachten Elektronik.<\/h5>\n<p>&nbsp;<\/p>\n<h5 style=\"text-align: center\">Was Du daf\u00fcr bereitstellen musst ist lediglich ein Pad, welches Kammern zur Polsterung enth\u00e4lt und unsere Inlays mit den platzierten Sensoren aufnehmen kann.<\/h5>\n<p>&nbsp;<\/p>\n<h5 style=\"text-align: center\">Die Sensoren sind an charakteristischen, aber individuell einstellbaren Positionen angebracht.<\/h5>\n<p>&nbsp;<\/p>\n<p style=\"text-align: center\"><img loading=\"lazy\" decoding=\"async\" class=\"aligncenter wp-image-340\" src=\"https:\/\/www.designxtronics.de\/maXpad\/wp-content\/uploads\/2025\/03\/saddlepad_description.png\" alt=\"\" width=\"416\" height=\"403\" srcset=\"https:\/\/www.designxtronics.de\/maXpad\/wp-content\/uploads\/2025\/03\/saddlepad_description.png 919w, https:\/\/www.designxtronics.de\/maXpad\/wp-content\/uploads\/2025\/03\/saddlepad_description-300x291.png 300w, https:\/\/www.designxtronics.de\/maXpad\/wp-content\/uploads\/2025\/03\/saddlepad_description-768x744.png 768w, https:\/\/www.designxtronics.de\/maXpad\/wp-content\/uploads\/2025\/03\/saddlepad_description-650x629.png 650w\" sizes=\"auto, (max-width: 416px) 100vw, 416px\" \/><\/p>\n<p>&nbsp;<\/p>\n<p>&nbsp;<\/p>\n<h4 style=\"text-align: center\"><span style=\"color: #d1e65b\">Steuerger\u00e4t<\/span><\/h4>\n<p>&nbsp;<\/p>\n<h5 style=\"text-align: center\">Unser leistungsstarkes Steuerger\u00e4t \u00fcberwacht permanent den Druck unter dem Sattel und erkennt Trends oder Unregelm\u00e4\u00dfigkeiten.<\/h5>\n<p>&nbsp;<\/p>\n<h5 style=\"text-align: center\">Die Kombination aller Sensorsignale und einer <span style=\"color: #d1e65b\">innovativen KI (K\u00fcnstliche Intelligenz) Software<\/span> zur Gangklassifizierung f\u00fchrt schlie\u00dflich zu einer dargestellten Korrelation zwischen Sattelbelastung und Gangarten.<\/h5>\n<p>&nbsp;<\/p>\n<h5 style=\"text-align: center\"><img loading=\"lazy\" decoding=\"async\" class=\"aligncenter wp-image-265\" src=\"https:\/\/www.designxtronics.de\/maXpad\/wp-content\/uploads\/2025\/02\/test-1-e1741085454905-1024x602.png\" alt=\"\" width=\"332\" height=\"195\" srcset=\"https:\/\/www.designxtronics.de\/maXpad\/wp-content\/uploads\/2025\/02\/test-1-e1741085454905-1024x602.png 1024w, https:\/\/www.designxtronics.de\/maXpad\/wp-content\/uploads\/2025\/02\/test-1-e1741085454905-300x176.png 300w, https:\/\/www.designxtronics.de\/maXpad\/wp-content\/uploads\/2025\/02\/test-1-e1741085454905-768x451.png 768w, https:\/\/www.designxtronics.de\/maXpad\/wp-content\/uploads\/2025\/02\/test-1-e1741085454905-650x382.png 650w, https:\/\/www.designxtronics.de\/maXpad\/wp-content\/uploads\/2025\/02\/test-1-e1741085454905.png 1174w\" sizes=\"auto, (max-width: 332px) 100vw, 332px\" \/><\/h5>\n<p>&nbsp;<\/p>\n<h4 style=\"text-align: center\"><span style=\"color: #d1e65b\">Mobile App<\/span><\/h4>\n<p>&nbsp;<\/p>\n<h5 style=\"text-align: center\">Unsere zugeh\u00f6rige <span style=\"color: #d1e65b\">Mobile App<\/span> ist \u00fcber Bluetooth Low Energy (BLE) Technologie mit dem Steuerger\u00e4t verbunden und visualisiert die Druck- und Symmetriemessung sowie die Gangverteilung w\u00e4hrend jeder Reiteinheit in Echtzeit.<\/h5>\n<p>&nbsp;<\/p>\n<h5 style=\"text-align: center\">Die Ergebnisse einer vollst\u00e4ndigen statistischen Analyse mehrerer Reiteinheiten werden automatisch ausgewertet und es werden gegebenenfalls Verbesserungen vorgeschlagen oder auf Unzul\u00e4nglichkeiten hingewiesen.<\/h5>\n<p>&nbsp;<\/p>\n<p style=\"text-align: center\"><img loading=\"lazy\" decoding=\"async\" class=\"aligncenter wp-image-619\" src=\"https:\/\/www.designxtronics.de\/maXpad\/wp-content\/uploads\/2025\/03\/handSmartphone_filled.png\" alt=\"\" width=\"370\" height=\"699\" srcset=\"https:\/\/www.designxtronics.de\/maXpad\/wp-content\/uploads\/2025\/03\/handSmartphone_filled.png 860w, https:\/\/www.designxtronics.de\/maXpad\/wp-content\/uploads\/2025\/03\/handSmartphone_filled-159x300.png 159w, https:\/\/www.designxtronics.de\/maXpad\/wp-content\/uploads\/2025\/03\/handSmartphone_filled-542x1024.png 542w, https:\/\/www.designxtronics.de\/maXpad\/wp-content\/uploads\/2025\/03\/handSmartphone_filled-768x1450.png 768w, https:\/\/www.designxtronics.de\/maXpad\/wp-content\/uploads\/2025\/03\/handSmartphone_filled-813x1536.png 813w, https:\/\/www.designxtronics.de\/maXpad\/wp-content\/uploads\/2025\/03\/handSmartphone_filled-344x650.png 344w\" sizes=\"auto, (max-width: 370px) 100vw, 370px\" \/><\/p>\n\t\t\t<\/div>\n\t\t<\/div>\n\t\t\t\t<\/li>\n\t\t<\/ul>\t\t\t\t<ol class=\"sow-slider-pagination\">\n\t\t\t\t\t\t\t\t\t\t\t<li><a href=\"#\" data-goto=\"0\" aria-label=\"Display slide 1\"><\/a><\/li>\n\t\t\t\t\t\t\t\t\t<\/ol>\n\n\t\t\t\t<div class=\"sow-slide-nav sow-slide-nav-next\">\n\t\t\t\t\t<a href=\"#\" data-goto=\"next\" aria-label=\"Next slide\" data-action=\"next\">\n\t\t\t\t\t\t<em class=\"sow-sld-icon-thin-right\"><\/em>\n\t\t\t\t\t<\/a>\n\t\t\t\t<\/div>\n\n\t\t\t\t<div class=\"sow-slide-nav sow-slide-nav-prev\">\n\t\t\t\t\t<a href=\"#\" data-goto=\"previous\" aria-label=\"Previous slide\" data-action=\"prev\">\n\t\t\t\t\t\t<em class=\"sow-sld-icon-thin-left\"><\/em>\n\t\t\t\t\t<\/a>\n\t\t\t\t<\/div>\n\t\t\t\t<\/div><\/div><\/div><\/div><\/div><\/div><\/div><\/div>","protected":false},"excerpt":{"rendered":"<p>PR\u00c4VENTION IST DIE ZUKUNFT DER PFERDEGESUNDHEIT! &nbsp; Allzu oft sind Verletzungen bei Pferden reaktiv und werden erst bemerkt, wenn Schmerzen sichtbar werden. maXpad\u00ae hilft Dir, dem Problem zuvorzukommen und sorgt bei jedem Ausritt f\u00fcr Komfort, Gleichgewicht und Gesundheit Deines Pferdes. &nbsp; Drucksensoren &nbsp; Die elektronische Sattelunterlage misst die Dr\u00fccke zwischen Pferder\u00fccken und Sattel an den [&hellip;]<\/p>\n","protected":false},"author":1,"featured_media":0,"parent":0,"menu_order":0,"comment_status":"closed","ping_status":"closed","template":"","meta":{"_themeisle_gutenberg_block_has_review":false,"footnotes":""},"class_list":["post-463","page","type-page","status-publish","hentry","post"],"_links":{"self":[{"href":"https:\/\/www.designxtronics.de\/maXpad\/wp-json\/wp\/v2\/pages\/463","targetHints":{"allow":["GET"]}}],"collection":[{"href":"https:\/\/www.designxtronics.de\/maXpad\/wp-json\/wp\/v2\/pages"}],"about":[{"href":"https:\/\/www.designxtronics.de\/maXpad\/wp-json\/wp\/v2\/types\/page"}],"author":[{"embeddable":true,"href":"https:\/\/www.designxtronics.de\/maXpad\/wp-json\/wp\/v2\/users\/1"}],"replies":[{"embeddable":true,"href":"https:\/\/www.designxtronics.de\/maXpad\/wp-json\/wp\/v2\/comments?post=463"}],"version-history":[{"count":18,"href":"https:\/\/www.designxtronics.de\/maXpad\/wp-json\/wp\/v2\/pages\/463\/revisions"}],"predecessor-version":[{"id":467,"href":"https:\/\/www.designxtronics.de\/maXpad\/wp-json\/wp\/v2\/pages\/463\/revisions\/467"}],"wp:attachment":[{"href":"https:\/\/www.designxtronics.de\/maXpad\/wp-json\/wp\/v2\/media?parent=463"}],"curies":[{"name":"wp","href":"https:\/\/api.w.org\/{rel}","templated":true}]}}