{"id":423,"date":"2025-03-11T17:40:59","date_gmt":"2025-03-11T16:40:59","guid":{"rendered":"https:\/\/www.designxtronics.de\/maXpad\/?page_id=423"},"modified":"2026-01-15T10:53:41","modified_gmt":"2026-01-15T09:53:41","slug":"wer-wir-sind","status":"publish","type":"page","link":"https:\/\/www.designxtronics.de\/maXpad\/de\/wer-wir-sind\/","title":{"rendered":"Wer wir sind"},"content":{"rendered":"<div id=\"pl-423\"  class=\"panel-layout\" ><div id=\"pg-423-0\"  class=\"panel-grid panel-has-style panel-has-overlay\" ><div class=\"siteorigin-panels-stretch panel-row-style panel-row-style-for-423-0\" data-stretch-type=\"full\" >\t\t\t\t<div\n\t\t\t\t\tclass=\"panel-background-overlay\"\n\t\t\t\t\t\t\t\t\t\t\tstyle=\"background-color:#363a43;background-image:url(https:\/\/www.designxtronics.de\/maXpad\/wp-content\/uploads\/2025\/03\/horses-1.jpg);background-position:center center;background-size:cover;opacity:0.10;\"\n\t\t\t\t\t\t\t\t\t>\n\t\t\t\t\t\t\t\t\t<\/div>\n\t\t\t\t<div id=\"pgc-423-0-0\"  class=\"panel-grid-cell\" ><div id=\"panel-423-0-0-0\" class=\"so-panel widget widget_siteorigin-panels-builder panel-first-child panel-last-child\" data-index=\"0\" ><div id=\"pl-w67d2a6d3dd71d\"  class=\"panel-layout\" ><div id=\"pg-w67d2a6d3dd71d-0\"  class=\"panel-grid panel-no-style\" ><div id=\"pgc-w67d2a6d3dd71d-0-0\"  class=\"panel-grid-cell\" ><div id=\"panel-w67d2a6d3dd71d-0-0-0\" class=\"so-panel widget widget_sow-editor panel-first-child panel-last-child\" data-index=\"0\" ><div\n\t\t\t\n\t\t\tclass=\"so-widget-sow-editor so-widget-sow-editor-base\"\n\t\t\t\n\t\t>\n<div class=\"siteorigin-widget-tinymce textwidget\">\n\t<h1>Roman Starbek<\/h1>\n<h5>Technologie-Experte (Engineering &amp; Beratung) f\u00fcr die Entwicklung Mechatronischer Produkte<\/h5>\n<h5><a href=\"http:\/\/www.designxtronics.de\">www.designxtronics.de<\/a><\/h5>\n<\/div>\n<\/div><\/div><\/div><\/div><div id=\"pg-w67d2a6d3dd71d-1\"  class=\"panel-grid panel-no-style\" ><div id=\"pgc-w67d2a6d3dd71d-1-0\"  class=\"panel-grid-cell\" ><div id=\"panel-w67d2a6d3dd71d-1-0-0\" class=\"so-panel widget widget_sow-image panel-first-child panel-last-child\" data-index=\"1\" ><div\n\t\t\t\n\t\t\tclass=\"so-widget-sow-image so-widget-sow-image-default-8b5b6f678277\"\n\t\t\t\n\t\t>\n<div class=\"sow-image-container\">\n\t\t<img loading=\"lazy\" decoding=\"async\" src=\"https:\/\/www.designxtronics.de\/maXpad\/wp-content\/uploads\/2025\/03\/roman_and_max-200x300.jpg\" width=\"200\" height=\"300\" srcset=\"https:\/\/www.designxtronics.de\/maXpad\/wp-content\/uploads\/2025\/03\/roman_and_max-200x300.jpg 200w, https:\/\/www.designxtronics.de\/maXpad\/wp-content\/uploads\/2025\/03\/roman_and_max-433x650.jpg 433w, https:\/\/www.designxtronics.de\/maXpad\/wp-content\/uploads\/2025\/03\/roman_and_max.jpg 665w\" sizes=\"auto, (max-width: 200px) 100vw, 200px\" alt=\"\" \t\tclass=\"so-widget-image\"\/>\n\t<\/div>\n\n<\/div><\/div><\/div><div id=\"pgc-w67d2a6d3dd71d-1-1\"  class=\"panel-grid-cell\" ><div id=\"panel-w67d2a6d3dd71d-1-1-0\" class=\"so-panel widget widget_sow-editor panel-first-child panel-last-child\" data-index=\"2\" ><div\n\t\t\t\n\t\t\tclass=\"so-widget-sow-editor so-widget-sow-editor-base\"\n\t\t\t\n\t\t>\n<div class=\"siteorigin-widget-tinymce textwidget\">\n\t<p>Roman ist ein passionierter Freizeitreiter, der am liebsten lange Ritte durch die Natur auf seinem Tennessee Walking Horse genie\u00dft. Da seine Ausritte \u00fcblicherweise eher \u00fcber 20 km lang sind nutzt er das maXpad<sup>\u00ae<\/sup>, um alle Informationen hinsichtlich Satteldruck und -symmetrie zu sammeln. So kann er sich immer sicher sein, dass der Sattel optimal passt!<\/p>\n<\/div>\n<\/div><\/div><\/div><\/div><\/div><\/div><\/div><div id=\"pgc-423-0-1\"  class=\"panel-grid-cell\" ><div id=\"panel-423-0-1-0\" class=\"so-panel widget widget_siteorigin-panels-builder panel-first-child panel-last-child\" data-index=\"1\" ><div id=\"pl-w68b68db8273dc\"  class=\"panel-layout\" ><div id=\"pg-w68b68db8273dc-0\"  class=\"panel-grid panel-no-style\" ><div id=\"pgc-w68b68db8273dc-0-0\"  class=\"panel-grid-cell\" ><div id=\"panel-w68b68db8273dc-0-0-0\" class=\"so-panel widget widget_sow-editor panel-first-child panel-last-child\" data-index=\"0\" ><div\n\t\t\t\n\t\t\tclass=\"so-widget-sow-editor so-widget-sow-editor-base\"\n\t\t\t\n\t\t>\n<div class=\"siteorigin-widget-tinymce textwidget\">\n\t<h1>Stefanie Spielhaupter<\/h1>\n<h5>Mentorin &amp; Beraterin (Pferd-Mensch Beziehungen, Pferd-Sattel-Reiter Symmetrie)<\/h5>\n<h5><a href=\"https:\/\/scienceforsoundness.com\/\">www.scienceforsoundness.com<\/a><\/h5>\n<\/div>\n<\/div><\/div><\/div><\/div><div id=\"pg-w68b68db8273dc-1\"  class=\"panel-grid panel-no-style\" ><div id=\"pgc-w68b68db8273dc-1-0\"  class=\"panel-grid-cell\" ><div id=\"panel-w68b68db8273dc-1-0-0\" class=\"so-panel widget widget_sow-image panel-first-child panel-last-child\" data-index=\"1\" ><div\n\t\t\t\n\t\t\tclass=\"so-widget-sow-image so-widget-sow-image-default-8b5b6f678277\"\n\t\t\t\n\t\t>\n<div class=\"sow-image-container\">\n\t\t<img loading=\"lazy\" decoding=\"async\" src=\"https:\/\/www.designxtronics.de\/maXpad\/wp-content\/uploads\/2025\/03\/steffi_and_rubio-1-200x300.png\" width=\"200\" height=\"300\" srcset=\"https:\/\/www.designxtronics.de\/maXpad\/wp-content\/uploads\/2025\/03\/steffi_and_rubio-1-200x300.png 200w, https:\/\/www.designxtronics.de\/maXpad\/wp-content\/uploads\/2025\/03\/steffi_and_rubio-1-433x650.png 433w, https:\/\/www.designxtronics.de\/maXpad\/wp-content\/uploads\/2025\/03\/steffi_and_rubio-1.png 600w\" sizes=\"auto, (max-width: 200px) 100vw, 200px\" title=\"steffi_and_rubio\" alt=\"\" \t\tclass=\"so-widget-image\"\/>\n\t<\/div>\n\n<\/div><\/div><\/div><div id=\"pgc-w68b68db8273dc-1-1\"  class=\"panel-grid-cell\" ><div id=\"panel-w68b68db8273dc-1-1-0\" class=\"so-panel widget widget_sow-editor panel-first-child panel-last-child\" data-index=\"2\" ><div\n\t\t\t\n\t\t\tclass=\"so-widget-sow-editor so-widget-sow-editor-base\"\n\t\t\t\n\t\t>\n<div class=\"siteorigin-widget-tinymce textwidget\">\n\t<p>Steffi ist Gr\u00fcnderin von Science for Soundness<sup>\u00ae<\/sup>, Erfinderin der 6 Pillars of Soundness\u2122 und eine Pionierin in der Pferdebranche. Mit einem Master in Pferdewissenschaften und Expertise in Rehabilitation hilft sie Pferden und Besitzern, den \u00dcberlebensmodus hinter sich zu lassen und zu einer erfolgreichen Partnerschaft zu gelangen. Mit wissenschaftlich fundierten Erkenntnissen und einem einf\u00fchlsamen Ansatz bef\u00e4higt sie Reiter, Vertrauen aufzubauen, Spannungen abzubauen und nachhaltige Ver\u00e4nderungen zu bewirken \u2013 am Boden, im Sattel und dar\u00fcber hinaus.<\/p>\n<\/div>\n<\/div><\/div><\/div><\/div><\/div><\/div><\/div><\/div><\/div><\/div>","protected":false},"excerpt":{"rendered":"<p>Roman Starbek Technologie-Experte (Engineering &amp; Beratung) f\u00fcr die Entwicklung Mechatronischer Produkte www.designxtronics.de Roman ist ein passionierter Freizeitreiter, der am liebsten lange Ritte durch die Natur auf seinem Tennessee Walking Horse genie\u00dft. Da seine Ausritte \u00fcblicherweise eher \u00fcber 20 km lang sind nutzt er das maXpad\u00ae, um alle Informationen hinsichtlich Satteldruck und -symmetrie zu sammeln. So [&hellip;]<\/p>\n","protected":false},"author":1,"featured_media":0,"parent":0,"menu_order":0,"comment_status":"closed","ping_status":"closed","template":"","meta":{"_themeisle_gutenberg_block_has_review":false,"footnotes":""},"class_list":["post-423","page","type-page","status-publish","hentry","post"],"_links":{"self":[{"href":"https:\/\/www.designxtronics.de\/maXpad\/wp-json\/wp\/v2\/pages\/423","targetHints":{"allow":["GET"]}}],"collection":[{"href":"https:\/\/www.designxtronics.de\/maXpad\/wp-json\/wp\/v2\/pages"}],"about":[{"href":"https:\/\/www.designxtronics.de\/maXpad\/wp-json\/wp\/v2\/types\/page"}],"author":[{"embeddable":true,"href":"https:\/\/www.designxtronics.de\/maXpad\/wp-json\/wp\/v2\/users\/1"}],"replies":[{"embeddable":true,"href":"https:\/\/www.designxtronics.de\/maXpad\/wp-json\/wp\/v2\/comments?post=423"}],"version-history":[{"count":24,"href":"https:\/\/www.designxtronics.de\/maXpad\/wp-json\/wp\/v2\/pages\/423\/revisions"}],"predecessor-version":[{"id":686,"href":"https:\/\/www.designxtronics.de\/maXpad\/wp-json\/wp\/v2\/pages\/423\/revisions\/686"}],"wp:attachment":[{"href":"https:\/\/www.designxtronics.de\/maXpad\/wp-json\/wp\/v2\/media?parent=423"}],"curies":[{"name":"wp","href":"https:\/\/api.w.org\/{rel}","templated":true}]}}